{"id":1682,"date":"2017-05-25T09:31:16","date_gmt":"2017-05-25T09:31:16","guid":{"rendered":"https:\/\/menegolli1450.it\/?page_id=1682"},"modified":"2019-12-20T16:17:24","modified_gmt":"2019-12-20T15:17:24","slug":"vinificazione","status":"publish","type":"page","link":"https:\/\/menegolli1450.it\/it\/vinificazione\/","title":{"rendered":"Vinificazione"},"content":{"rendered":"<div class=\"wpb-content-wrapper\"><p>[vc_row full_width=&#8221;stretch_row&#8221; parallax=&#8221;content-moving&#8221; parallax_image=&#8221;1970&#8243; css=&#8221;.vc_custom_1547568627891{background-color: #232323 !important;background-position: 0 0;background-repeat: no-repeat !important;}&#8221;][vc_column offset=&#8221;vc_col-lg-6&#8243;][\/vc_column][vc_column offset=&#8221;vc_col-lg-6&#8243;]\n\t<div class=\"title-subtitle-box   \" style=\" text-align: right;\">\n\t\t<hr class=\"has-topline\"  \/>\n\t\t<h1 style=\" text-transform: uppercase; font-weight: 400; letter-spacing: 0px;\" >I grandi vini nascono nei vigneti<\/h1>\n\t<\/div> [vc_column_text]<\/p>\n<div class=\"wpb_text_column wpb_content_element \">\n<div class=\"wpb_wrapper\">\n<p style=\"text-align: right\"><span style=\"color: #ffffff\">Amore e passione per la vinificazione non sono solo un modo di dire.<\/span><\/p>\n<p style=\"text-align: right\"><span style=\"color: #ffffff\">\u00c8 uno stato mentale. Prendersi cura di un singolo vitigno o di tutta la tenuta dei vigneti \u00e8 ci\u00f2 che facciamo ogni giorno, cercando di preservare l\u2019ambiente e aiutare le viti a crescere lentamente e correttamente, sicuri che un buon vino possa essere prodotto attraverso una vite sana.<\/span><\/p>\n<\/div>\n<\/div>\n<p>[\/vc_column_text][\/vc_column][\/vc_row][vc_row full_width=&#8221;stretch_row&#8221; parallax=&#8221;content-moving&#8221; parallax_image=&#8221;1973&#8243; css=&#8221;.vc_custom_1547568681229{background-color: #000000 !important;background-position: 0 0;background-repeat: no-repeat !important;}&#8221; el_class=&#8221;gg-force-background-right&#8221;][vc_column offset=&#8221;vc_col-lg-6&#8243;]\n\t<div class=\"title-subtitle-box   \" style=\" text-align: left;\">\n\t\t<hr class=\"has-topline\"  \/>\n\t\t<h1 style=\" text-transform: uppercase; font-weight: 400; letter-spacing: 0px;\" >Fatto con amore da generazioni<\/h1>\n\t<\/div> [vc_column_text]<span style=\"color: #ffffff\">Cinque generazioni di enologi in Valpantena, l\u2019antica Valle degli Dei. \u201cIl vino \u00e8 sempre stato parte della nostra vita\u201d dice Luigi al giorno d\u2019oggi, \u201csignifica tradizione e vitalit\u00e0 tra famiglia e amici\u201d.<\/span>[\/vc_column_text][\/vc_column][vc_column offset=&#8221;vc_col-lg-6&#8243;][\/vc_column][\/vc_row][vc_row full_width=&#8221;stretch_row&#8221; parallax=&#8221;content-moving&#8221; parallax_image=&#8221;1976&#8243; css=&#8221;.vc_custom_1547568719054{background-color: #232323 !important;background-position: 0 0;background-repeat: no-repeat !important;}&#8221;][vc_column offset=&#8221;vc_col-lg-6&#8243;][\/vc_column][vc_column offset=&#8221;vc_col-lg-6&#8243;]\n\t<div class=\"title-subtitle-box   \" style=\" text-align: right;\">\n\t\t<hr class=\"has-topline\"  \/>\n\t\t<h1 style=\" text-transform: uppercase; font-weight: 400; letter-spacing: 0px;\" >IL METODO DI APPASSIMENTO<\/h1>\n\t<\/div> [vc_column_text]<\/p>\n<p style=\"text-align: right\"><span style=\"color: #ffffff\">L&#8217;essiccazione dell&#8217;uva \u00e8 sempre stata una tradizione in questo settore.<\/span><\/p>\n<p style=\"text-align: right\"><span style=\"color: #ffffff\">Osservando i venti di questa valle, i nostri bisnonni hanno capito la peculiarit\u00e0 di questo territori. Hanno iniziato a seccare l&#8217;uva fuori dalla vite per diversi mesi dopo la raccolta. Questo \u00e8 ancora oggi il grande successo dei nostri vini.<\/span><\/p>\n<p>[\/vc_column_text][\/vc_column][\/vc_row][vc_row equal_height=&#8221;yes&#8221; content_placement=&#8221;middle&#8221;][vc_column width=&#8221;1\/2&#8243; css=&#8221;.vc_custom_1502115962210{padding: 10% !important;}&#8221;]\n\t<div class=\"title-subtitle-box   \" style=\" text-align: center;\">\n\t\t<hr class=\"has-topline\"  \/>\n\t\t<h1 style=\" text-transform: uppercase; font-weight: 400; letter-spacing: 0px;\" >I nostri Vini<\/h1>\n\t<\/div> [vc_column_text]<\/p>\n<p style=\"text-align: center\">Ci occupiamo personalmente delle nostre creazioni applicando accuratamente a mano ogni singola etichetta sulla bottiglia.<\/p>\n<p style=\"text-align: center\">Il pregio e l&#8217;accuratezza dei dettagli diventano un valore aggiunto che identifica la qualit\u00e0 dei nostri prodotti.<\/p>\n<p>[\/vc_column_text][vc_btn title=&#8221;Scopri&#8221; style=&#8221;custom&#8221; custom_background=&#8221;#998067&#8243; custom_text=&#8221;#ffffff&#8221; shape=&#8221;square&#8221; align=&#8221;center&#8221; link=&#8221;url:https%3A%2F%2Fmenegolli1450.it%2Fit%2Fvini%2F|||&#8221;][\/vc_column][vc_column width=&#8221;1\/2&#8243;][vc_single_image image=&#8221;1979&#8243; img_size=&#8221;full&#8221; alignment=&#8221;center&#8221;][\/vc_column][\/vc_row]<\/p>\n<\/div>","protected":false},"excerpt":{"rendered":"<p>[vc_row full_width=&#8221;stretch_row&#8221; parallax=&#8221;content-moving&#8221; parallax_image=&#8221;1970&#8243; css=&#8221;.vc_custom_1547568627891{background-color: #232323 !important;background-position: 0 0;background-repeat: no-repeat !important;}&#8221;][vc_column offset=&#8221;vc_col-lg-6&#8243;][\/vc_column][vc_column offset=&#8221;vc_col-lg-6&#8243;][vc_column_text] Amore e passione per la vinificazione non sono solo un modo di dire. \u00c8 uno stato mentale. Prendersi cura di un singolo vitigno o di tutta la tenuta dei vigneti \u00e8 ci\u00f2 che facciamo ogni giorno, cercando di preservare l\u2019ambiente e aiutare<br class=\"read-more-spacer\"> <a class=\"more-link\" href=\"https:\/\/menegolli1450.it\/it\/vinificazione\/\">Read More<\/a><\/p>\n","protected":false},"author":1,"featured_media":1687,"parent":0,"menu_order":0,"comment_status":"closed","ping_status":"closed","template":"","meta":{"footnotes":""},"class_list":["post-1682","page","type-page","status-publish","has-post-thumbnail","hentry"],"_links":{"self":[{"href":"https:\/\/menegolli1450.it\/it\/wp-json\/wp\/v2\/pages\/1682","targetHints":{"allow":["GET"]}}],"collection":[{"href":"https:\/\/menegolli1450.it\/it\/wp-json\/wp\/v2\/pages"}],"about":[{"href":"https:\/\/menegolli1450.it\/it\/wp-json\/wp\/v2\/types\/page"}],"author":[{"embeddable":true,"href":"https:\/\/menegolli1450.it\/it\/wp-json\/wp\/v2\/users\/1"}],"replies":[{"embeddable":true,"href":"https:\/\/menegolli1450.it\/it\/wp-json\/wp\/v2\/comments?post=1682"}],"version-history":[{"count":9,"href":"https:\/\/menegolli1450.it\/it\/wp-json\/wp\/v2\/pages\/1682\/revisions"}],"predecessor-version":[{"id":2336,"href":"https:\/\/menegolli1450.it\/it\/wp-json\/wp\/v2\/pages\/1682\/revisions\/2336"}],"wp:featuredmedia":[{"embeddable":true,"href":"https:\/\/menegolli1450.it\/it\/wp-json\/wp\/v2\/media\/1687"}],"wp:attachment":[{"href":"https:\/\/menegolli1450.it\/it\/wp-json\/wp\/v2\/media?parent=1682"}],"curies":[{"name":"wp","href":"https:\/\/api.w.org\/{rel}","templated":true}]}}