{"id":1574,"date":"2017-05-17T13:45:49","date_gmt":"2017-05-17T13:45:49","guid":{"rendered":"https:\/\/menegolli1450.it\/?page_id=1574"},"modified":"2022-10-25T10:58:40","modified_gmt":"2022-10-25T08:58:40","slug":"homepage","status":"publish","type":"page","link":"https:\/\/menegolli1450.it\/it\/","title":{"rendered":"Homepage"},"content":{"rendered":"<div class=\"wpb-content-wrapper\"><p>[vc_row][vc_column][vc_single_image image=&#8221;1920&#8243; img_size=&#8221;full&#8221; alignment=&#8221;center&#8221; css_animation=&#8221;fadeIn&#8221; el_class=&#8221;max-width-img-50&#8243;]\n\t<div class=\"title-subtitle-box  wpb_animate_when_almost_visible wpb_fadeInUp fadeInUp remove-title-margin vc_custom_1551806448409 \" style=\" text-align: center;\">\n\t\t<hr class=\"has-topline\"  \/>\n\t\t<span class=\"toptitle\"><\/span>\n\t\t<h1 style=\" text-transform: uppercase; font-weight: 400; letter-spacing: 0px;\" >Cantina &amp; Vigneti<\/h1>\n\t<\/div> [\/vc_column][\/vc_row][vc_row content_placement=&#8221;middle&#8221; css=&#8221;.vc_custom_1538727847441{padding-top: 0px !important;}&#8221;][vc_column css_animation=&#8221;fadeInUp&#8221; width=&#8221;1\/2&#8243;][vc_column_text css=&#8221;.vc_custom_1560235543795{margin-bottom: 0px !important;padding-top: 0px !important;padding-right: 10% !important;padding-bottom: 10% !important;padding-left: 10% !important;}&#8221;]<\/p>\n<p style=\"text-align: justify\"><span id=\"result_box\" lang=\"en\" xml:lang=\"en\">La viticoltura ha lunga tradizione in <span style=\"color: #c4a674\"><span class=\"hps\">Valpantena<\/span>.<\/span> Il suo vino migliore, l&#8217;<span style=\"color: #c4a674\"><span class=\"hps\">Amarone della Valpolicella<\/span>,<\/span> \u00e8 un vino antico, frutto della naturale collaborazione tra ci\u00f2 che d\u00e0 la terra e le capacit\u00e0 umane, che possono trasformare il semplice semplice in un vino prezioso.<\/span><\/p>\n<p>[\/vc_column_text][vc_single_image image=&#8221;1439&#8243; img_size=&#8221;full&#8221; css=&#8221;.vc_custom_1540567057537{margin-bottom: 0px !important;}&#8221;][\/vc_column][vc_column css_animation=&#8221;fadeInUp&#8221; width=&#8221;1\/2&#8243;][vc_single_image image=&#8221;1287&#8243; img_size=&#8221;full&#8221; css=&#8221;.vc_custom_1539097294496{margin-bottom: 0px !important;}&#8221;][vc_column_text css=&#8221;.vc_custom_1560235582112{margin-bottom: 0px !important;padding-top: 10% !important;padding-right: 10% !important;padding-bottom: 10% !important;padding-left: 10% !important;}&#8221;]<\/p>\n<p style=\"text-align: justify\"><span class=\"hps\"><span style=\"color: #c4a674\">Le Cantine Menegolli<\/span> sono qui, nella <span style=\"color: #c4a674\">Valle degli Dei,<\/span> ai piedi del Forte John e vicino al Castello Medievale di Montorio Veronese, a<span style=\"color: #c4a674\"><span class=\"hps atn\">\u00a0nord-<\/span>est di Verona.<\/span><\/span><\/p>\n<p>[\/vc_column_text][\/vc_column][\/vc_row][vc_row full_width=&#8221;stretch_row&#8221; parallax=&#8221;content-moving&#8221; parallax_image=&#8221;1140&#8243; css_animation=&#8221;fadeInUp&#8221; el_class=&#8221;gg-force-background-left&#8221; css=&#8221;.vc_custom_1539182503768{padding-top: 200px !important;padding-bottom: 200px !important;background: #000000 url(https:\/\/menegolli1450.it\/wp-content\/uploads\/2018\/09\/mene_prova.jpg?id=1136);background-position: 0 0;background-repeat: no-repeat !important;}&#8221;][vc_column offset=&#8221;vc_col-lg-6&#8243;][\/vc_column][vc_column offset=&#8221;vc_col-lg-6&#8243;]\n\t<blockquote  class=\"gg-vc-quote \">\n\tCi impegniamo a produrre pregiati vini che arricchiscono il gusto e l'anima.\n\t<cite>Luigi Menegolli<\/cite>\n\t<\/blockquote>[\/vc_column][\/vc_row][vc_row full_width=&#8221;stretch_row&#8221; css_animation=&#8221;fadeIn&#8221; css=&#8221;.vc_custom_1539182529816{background-image: url(https:\/\/menegolli1450.it\/wp-content\/uploads\/2018\/09\/jhksajhda.jpg?id=1141) !important;background-position: center !important;background-repeat: no-repeat !important;background-size: cover !important;}&#8221;][vc_column]\n\t<div class=\"title-subtitle-box   \" style=\" text-align: center;\">\n\t\t<hr class=\"has-topline\"  \/>\n\t\t<h1 style=\" text-transform: uppercase; font-weight: 400; letter-spacing: 0px;\" >I Vini<\/h1>\n\t<\/div> [vc_tta_tabs style=&#8221;theme&#8221; alignment=&#8221;center&#8221; active_section=&#8221;1&#8243;][vc_tta_section title=&#8221;Rossi&#8221; tab_id=&#8221;1538690918804-9e4cfa45-ad7e&#8221;][vc_row_inner equal_height=&#8221;yes&#8221;][vc_column_inner width=&#8221;1\/2&#8243;][vc_single_image image=&#8221;1500&#8243; img_size=&#8221;full&#8221; alignment=&#8221;center&#8221; el_class=&#8221;max-width-25-img&#8221; css=&#8221;.vc_custom_1547478435163{padding-right: 30% !important;padding-left: 30% !important;}&#8221;][\/vc_column_inner][vc_column_inner width=&#8221;1\/2&#8243;]\n\t<div class=\"title-subtitle-box   \" style=\" text-align: left;\">\n\t\t<h2 style=\" text-transform: uppercase; font-weight: 400; letter-spacing: 0px;\" >Amarone<br \/>della Valpolicella DOCG<\/h2>\n\t<\/div> \n\t<div class=\"gg-infobox  \" style=\"text-align:left;\">\n\t\t\n\t\t<h4 ><\/h4>\n\t\t<div class=\"description\" ><p style=\"text-align: justify\">Colore rosso rubino intenso con sfumature granate, aromi fruttati e speziati. Gusto secco, corpo generoso e setoso.<\/p>\n<\/div>\n\t<\/div> \n\t<div class=\"gg-infobox  \" style=\"text-align:left;\">\n\t\t\n\t\t<h4 >Volume<\/h4>\n\t\t<div class=\"description\" ><p style=\"text-align: justify\">750 ml<\/p>\n<\/div>\n\t<\/div> \n\t<div class=\"gg-infobox  \" style=\"text-align:left;\">\n\t\t\n\t\t<h4 >Grapes<\/h4>\n\t\t<div class=\"description\" ><p>Corvina Veronese, Corvinone, Rondinella<\/p>\n<\/div>\n\t<\/div> [vc_btn title=&#8221;Scopri&#8221; style=&#8221;custom&#8221; custom_background=&#8221;#998067&#8243; custom_text=&#8221;#ffffff&#8221; shape=&#8221;square&#8221; link=&#8221;url:https%3A%2F%2Fmenegolli1450.it%2Fit%2Fvini%2Famarone-premium%2F|||&#8221;][vc_btn title=&#8221;Vedi tutti&#8221; style=&#8221;custom&#8221; custom_background=&#8221;#000000&#8243; custom_text=&#8221;#ffffff&#8221; shape=&#8221;square&#8221; link=&#8221;url:https%3A%2F%2Fmenegolli1450.it%2Fit%2Fvini%2F|||&#8221;][\/vc_column_inner][\/vc_row_inner][\/vc_tta_section][vc_tta_section title=&#8221;Spumanti&#8221; tab_id=&#8221;1538690921421-7387e2bb-d7ac&#8221;][vc_row_inner equal_height=&#8221;yes&#8221;][vc_column_inner width=&#8221;1\/2&#8243;][vc_single_image image=&#8221;2140&#8243; img_size=&#8221;full&#8221; alignment=&#8221;center&#8221; el_class=&#8221;max-width-25-img&#8221; css=&#8221;.vc_custom_1551806873100{padding-right: 30% !important;padding-left: 30% !important;}&#8221;][\/vc_column_inner][vc_column_inner width=&#8221;1\/2&#8243;]\n\t<div class=\"title-subtitle-box   \" style=\" text-align: left;\">\n\t\t<h2 style=\" text-transform: uppercase; font-weight: 400; letter-spacing: 0px;\" >Prosecco<br \/>DOC Extra Dry<\/h2>\n\t<\/div> \n\t<div class=\"gg-infobox  \" style=\"text-align:left;\">\n\t\t\n\t\t<h4 ><\/h4>\n\t\t<div class=\"description\" ><p><span style=\"font-weight: 400\">Piacevole acidit\u00e0 con ricordi di frutta fresca. Palato rotondo ed armonico.<\/span><\/p>\n<\/div>\n\t<\/div> \n\t<div class=\"gg-infobox  \" style=\"text-align:left;\">\n\t\t\n\t\t<h4 >Bottle sizes<\/h4>\n\t\t<div class=\"description\" ><p>750 ml<\/p>\n<\/div>\n\t<\/div> \n\t<div class=\"gg-infobox  \" style=\"text-align:left;\">\n\t\t\n\t\t<h4 >Grapes<\/h4>\n\t\t<div class=\"description\" ><p>Prosecco DOC extra-dry con perlage fine e vivace con sapore fresco e morbido. Bouquet ricco di profumi di pera Williams cui si accompagnano sentori di fiori di narciso.<\/p>\n<\/div>\n\t<\/div> [vc_btn title=&#8221;Scopri&#8221; style=&#8221;custom&#8221; custom_background=&#8221;#998067&#8243; custom_text=&#8221;#ffffff&#8221; shape=&#8221;square&#8221; link=&#8221;url:https%3A%2F%2Fmenegolli1450.it%2Fit%2Fvini%2Fprosecco-doc-premium-extra-dry%2F|||&#8221;][vc_btn title=&#8221;Vedi tutti&#8221; style=&#8221;custom&#8221; custom_background=&#8221;#000000&#8243; custom_text=&#8221;#ffffff&#8221; shape=&#8221;square&#8221; link=&#8221;url:https%3A%2F%2Fmenegolli1450.it%2Fit%2Fvini%2F|||&#8221;][\/vc_column_inner][\/vc_row_inner][\/vc_tta_section][vc_tta_section title=&#8221;Bianchi&#8221; tab_id=&#8221;1538690920029-aa4389a3-f76f&#8221;][vc_row_inner equal_height=&#8221;yes&#8221;][vc_column_inner width=&#8221;1\/2&#8243;][vc_single_image image=&#8221;1524&#8243; img_size=&#8221;full&#8221; alignment=&#8221;center&#8221; el_class=&#8221;max-width-25-img&#8221; css=&#8221;.vc_custom_1540669150510{padding-right: 30% !important;padding-left: 30% !important;}&#8221;][\/vc_column_inner][vc_column_inner width=&#8221;1\/2&#8243;]\n\t<div class=\"title-subtitle-box   \" style=\" text-align: left;\">\n\t\t<h2 style=\" text-transform: uppercase; font-weight: 400; letter-spacing: 0px;\" >Pinot<br \/>Grigio IGT<\/h2>\n\t<\/div> \n\t<div class=\"gg-infobox  \" style=\"text-align:left;\">\n\t\t\n\t\t<h4 ><\/h4>\n\t\t<div class=\"description\" ><p>Lorem ipsum dolor sit amet, consectetuer adipiscing elit. Aenean commodo ligula eget dolor.<\/p>\n<\/div>\n\t<\/div> \n\t<div class=\"gg-infobox  \" style=\"text-align:left;\">\n\t\t\n\t\t<h4 >Bottle sizes<\/h4>\n\t\t<div class=\"description\" ><p>750 ml<\/p>\n<\/div>\n\t<\/div> \n\t<div class=\"gg-infobox  \" style=\"text-align:left;\">\n\t\t\n\t\t<h4 >Grapes<\/h4>\n\t\t<div class=\"description\" ><p>Pinot Grigio<\/p>\n<\/div>\n\t<\/div> [vc_btn title=&#8221;Scopri&#8221; style=&#8221;custom&#8221; custom_background=&#8221;#998067&#8243; custom_text=&#8221;#ffffff&#8221; shape=&#8221;square&#8221; link=&#8221;url:https%3A%2F%2Fmenegolli1450.it%2Fproduct%2Fpinot-grigio-igt-premium%2F|||&#8221;][vc_btn title=&#8221;Vedi tutti&#8221; style=&#8221;custom&#8221; custom_background=&#8221;#000000&#8243; custom_text=&#8221;#ffffff&#8221; shape=&#8221;square&#8221; link=&#8221;url:https%3A%2F%2Fmenegolli1450.it%2Fit%2Fvini%2F|||&#8221;][\/vc_column_inner][\/vc_row_inner][\/vc_tta_section][\/vc_tta_tabs][\/vc_column][\/vc_row][vc_row full_width=&#8221;stretch_row&#8221; equal_height=&#8221;yes&#8221; content_placement=&#8221;middle&#8221; css_animation=&#8221;fadeInUp&#8221; css=&#8221;.vc_custom_1539182540437{padding-bottom: 0px !important;background-color: #000000 !important;}&#8221;][vc_column width=&#8221;2\/3&#8243; css=&#8221;.vc_custom_1496401745421{padding: 0px !important;}&#8221;][vc_single_image image=&#8221;1926&#8243; img_size=&#8221;full&#8221; css=&#8221;.vc_custom_1547484171737{margin-bottom: 0px !important;}&#8221;][\/vc_column][vc_column width=&#8221;1\/3&#8243; css=&#8221;.vc_custom_1497521736997{padding-top: 10% !important;padding-right: 10% !important;padding-bottom: 10% !important;padding-left: 10% !important;background-color: #181818 !important;}&#8221;]\n\t<div class=\"title-subtitle-box   \" style=\" text-align: left;\">\n\t\t<h2 style=\" text-transform: uppercase; font-weight: 400; letter-spacing: 0px;\" >Degustazione<\/h2>\n\t\t<div class=\"subtitle\" style=\"\"><p style=\"text-align: justify\">Unisciti a noi nella nostra storica sala degustazione e goditi la nostra gamma vini.<\/p>\n<\/div>\n\t<\/div> \n\t<div class=\"gg-special-link-wrapper  special-link-align-left\"><a  class=\"gg-special-link has-left-hor-line\" href=\"#\" title=\"Scopri\" target=\"_self\">Scopri<\/a><\/div>[\/vc_column][\/vc_row][vc_row full_width=&#8221;stretch_row&#8221; equal_height=&#8221;yes&#8221; content_placement=&#8221;middle&#8221; css_animation=&#8221;fadeIn&#8221; css=&#8221;.vc_custom_1539182553260{padding-top: 0px !important;background-color: #000000 !important;}&#8221;][vc_column width=&#8221;1\/3&#8243; css=&#8221;.vc_custom_1497521880412{padding-top: 10% !important;padding-right: 10% !important;padding-bottom: 10% !important;padding-left: 10% !important;background-color: #181818 !important;}&#8221;]\n\t<div class=\"title-subtitle-box   \" style=\" text-align: left;\">\n\t\t<h2 style=\" text-transform: uppercase; font-weight: 400; letter-spacing: 0px;\" >Vivere all'Aperto<\/h2>\n\t\t<div class=\"subtitle\" style=\"\"><p style=\"text-align: justify\">Da non perdere la passeggiata nei dintorni del vigneto. Il piacere della natura \u00e8 qualcosa di indimenticabile.<\/p>\n<\/div>\n\t<\/div> \n\t<div class=\"gg-special-link-wrapper  special-link-align-left\"><a  class=\"gg-special-link has-left-hor-line\" href=\"#\" title=\"Scopri\" target=\"_self\">Scopri<\/a><\/div>[\/vc_column][vc_column width=&#8221;2\/3&#8243; css=&#8221;.vc_custom_1496402597496{padding: 0px !important;}&#8221;][vc_single_image image=&#8221;1254&#8243; img_size=&#8221;full&#8221; css=&#8221;.vc_custom_1538693901063{margin-bottom: 0px !important;}&#8221;][\/vc_column][\/vc_row][vc_row equal_height=&#8221;yes&#8221; content_placement=&#8221;middle&#8221;][vc_column offset=&#8221;vc_col-lg-4&#8243;]\n\t<div class=\"title-subtitle-box   \" style=\" text-align: left;\">\n\t\t<span class=\"toptitle\"><\/span>\n\t\t<h1 style=\" text-transform: uppercase; font-weight: 400; letter-spacing: 0px;\" >i<br \/>Migliori vini al mondo<\/h1>\n\t\t<div class=\"subtitle\" style=\"\"><p style=\"text-align: justify\">Vieni a degustare il nostro AMARONE DELLA VALPOLICELLA con il suo fruttato bouquet e il gusto morbido.<\/p>\n<\/div>\n\t<\/div> \n\t<div class=\"gg-special-link-wrapper  special-link-align-left\"><a  class=\"gg-special-link has-left-hor-line\" href=\"https:\/\/menegolli1450.it\/it\/vini\/\" title=\"Scopri\" target=\"_self\">Scopri<\/a><\/div>[\/vc_column][vc_column offset=&#8221;vc_col-lg-8&#8243;][vc_row_inner css=&#8221;.vc_custom_1498125484949{padding-top: 0px !important;padding-right: 10% !important;padding-bottom: 0px !important;padding-left: 10% !important;}&#8221;][vc_column_inner width=&#8221;1\/2&#8243;]\n\t<div class=\"featured-image-box  text-align-center normal_hover_style\">\n\t\t<figure class=\" sadie default\">\n\t\t\t<a href=\"https:\/\/menegolli1450.it\/it\/chi-siamo\/\" title=\"\" target=\"_self\"> <img decoding=\"async\" class=\"wp-post-image default\" src=\"https:\/\/menegolli1450.it\/wp-content\/uploads\/2019\/02\/menegolli-wine-slider-winery-2-480x270.jpg\" alt=\"\" \/> <\/a>\n\t\t<figcaption>\n\t\t\t<a href=\"https:\/\/menegolli1450.it\/it\/chi-siamo\/\" title=\"\" target=\"_self\"><\/a>\n\t\t\t<h4>Chi Siamo<\/h4>\n\t\t\t<p>La Famiglia Menegolli<\/p>\n\t\t<\/figcaption>\n\t\t<\/figure>\n\t<\/div> \n\t<div class=\"featured-image-box  text-align-center normal_hover_style\">\n\t\t<figure class=\" sadie default\">\n\t\t\t<a href=\"https:\/\/menegolli1450.it\/it\/vinificazione\/\" title=\"\" target=\"_self\"> <img decoding=\"async\" class=\"wp-post-image default\" src=\"https:\/\/menegolli1450.it\/wp-content\/uploads\/2019\/03\/menegolli-wine-vinemaking-480x270.jpg\" alt=\"\" \/> <\/a>\n\t\t<figcaption>\n\t\t\t<a href=\"https:\/\/menegolli1450.it\/it\/vinificazione\/\" title=\"\" target=\"_self\"><\/a>\n\t\t\t<h4>Vinificazione<\/h4>\n\t\t\t<p>La storia del Vino<\/p>\n\t\t<\/figcaption>\n\t\t<\/figure>\n\t<\/div> [\/vc_column_inner][vc_column_inner width=&#8221;1\/2&#8243;]\n\t<div class=\"featured-image-box  text-align-center normal_hover_style\">\n\t\t<figure class=\" sadie default\">\n\t\t\t<a href=\"https:\/\/menegolli1450.it\/it\/la-nostra-storia\/\" title=\"\" target=\"_self\"> <img decoding=\"async\" class=\"wp-post-image default\" src=\"https:\/\/menegolli1450.it\/wp-content\/uploads\/2019\/01\/menegolli-wine-home-history-480x270.jpg\" alt=\"\" \/> <\/a>\n\t\t<figcaption>\n\t\t\t<a href=\"https:\/\/menegolli1450.it\/it\/la-nostra-storia\/\" title=\"\" target=\"_self\"><\/a>\n\t\t\t<h4>La Storia<\/h4>\n\t\t\t<p>Scopri le nostre Radici<\/p>\n\t\t<\/figcaption>\n\t\t<\/figure>\n\t<\/div> \n\t<div class=\"featured-image-box  text-align-center normal_hover_style\">\n\t\t<figure class=\" sadie default\">\n\t\t\t<a href=\"https:\/\/menegolli1450.it\/it\/vigneti\/\" title=\"\" target=\"_self\"> <img decoding=\"async\" class=\"wp-post-image default\" src=\"https:\/\/menegolli1450.it\/wp-content\/uploads\/2019\/03\/menegolli-wine-vinery-02-480x270.jpg\" alt=\"\" \/> <\/a>\n\t\t<figcaption>\n\t\t\t<a href=\"https:\/\/menegolli1450.it\/it\/vigneti\/\" title=\"\" target=\"_self\"><\/a>\n\t\t\t<h4>Vigneti<\/h4>\n\t\t\t<p>La terra dei vini<\/p>\n\t\t<\/figcaption>\n\t\t<\/figure>\n\t<\/div> [\/vc_column_inner][\/vc_row_inner][\/vc_column][\/vc_row]<\/p>\n<\/div>","protected":false},"excerpt":{"rendered":"<p>[vc_row][vc_column][vc_single_image image=&#8221;1920&#8243; img_size=&#8221;full&#8221; alignment=&#8221;center&#8221; css_animation=&#8221;fadeIn&#8221; el_class=&#8221;max-width-img-50&#8243;][\/vc_column][\/vc_row][vc_row content_placement=&#8221;middle&#8221; css=&#8221;.vc_custom_1538727847441{padding-top: 0px !important;}&#8221;][vc_column css_animation=&#8221;fadeInUp&#8221; width=&#8221;1\/2&#8243;][vc_column_text css=&#8221;.vc_custom_1560235543795{margin-bottom: 0px !important;padding-top: 0px !important;padding-right: 10% !important;padding-bottom: 10% !important;padding-left: 10% !important;}&#8221;] La viticoltura ha lunga tradizione in Valpantena. Il suo vino migliore, l&#8217;Amarone della Valpolicella, \u00e8 un vino antico, frutto della naturale collaborazione tra ci\u00f2 che d\u00e0 la terra e le capacit\u00e0 umane,<br class=\"read-more-spacer\"> <a class=\"more-link\" href=\"https:\/\/menegolli1450.it\/it\/\">Read More<\/a><\/p>\n","protected":false},"author":1,"featured_media":0,"parent":0,"menu_order":0,"comment_status":"closed","ping_status":"closed","template":"","meta":{"footnotes":""},"class_list":["post-1574","page","type-page","status-publish","hentry"],"_links":{"self":[{"href":"https:\/\/menegolli1450.it\/it\/wp-json\/wp\/v2\/pages\/1574","targetHints":{"allow":["GET"]}}],"collection":[{"href":"https:\/\/menegolli1450.it\/it\/wp-json\/wp\/v2\/pages"}],"about":[{"href":"https:\/\/menegolli1450.it\/it\/wp-json\/wp\/v2\/types\/page"}],"author":[{"embeddable":true,"href":"https:\/\/menegolli1450.it\/it\/wp-json\/wp\/v2\/users\/1"}],"replies":[{"embeddable":true,"href":"https:\/\/menegolli1450.it\/it\/wp-json\/wp\/v2\/comments?post=1574"}],"version-history":[{"count":21,"href":"https:\/\/menegolli1450.it\/it\/wp-json\/wp\/v2\/pages\/1574\/revisions"}],"predecessor-version":[{"id":2374,"href":"https:\/\/menegolli1450.it\/it\/wp-json\/wp\/v2\/pages\/1574\/revisions\/2374"}],"wp:attachment":[{"href":"https:\/\/menegolli1450.it\/it\/wp-json\/wp\/v2\/media?parent=1574"}],"curies":[{"name":"wp","href":"https:\/\/api.w.org\/{rel}","templated":true}]}}